{"id":363,"date":"2022-01-17T12:18:20","date_gmt":"2022-01-17T12:18:20","guid":{"rendered":"https:\/\/stanijamaricic.com\/?post_type=product&#038;p=363"},"modified":"2023-04-16T16:21:34","modified_gmt":"2023-04-16T16:21:34","slug":"margaret","status":"publish","type":"product","link":"https:\/\/stanijamaricic.com\/sr\/shop\/margaret\/","title":{"rendered":"Margaret"},"content":{"rendered":"<p>Savr\u0161eno za pla\u017eu, romanti\u010dni boho look s, ru\u010dni rad, heklana \u010dipka, unikat<\/p>","protected":false},"excerpt":{"rendered":"<p>Pamuk 100%, pranje u ma\u0161ini, 30\u00b0C<\/p>","protected":false},"featured_media":414,"comment_status":"open","ping_status":"closed","template":"","meta":[],"product_brand":[],"product_cat":[69],"product_tag":[111,110,103,106],"class_list":{"0":"post-363","1":"product","2":"type-product","3":"status-publish","4":"has-post-thumbnail","6":"product_cat-tunika","7":"product_tag-citymode","8":"product_tag-hand-made","9":"product_tag-tunika","10":"product_tag-unikat","12":"first","13":"instock","14":"sale","15":"taxable","16":"shipping-taxable","17":"purchasable","18":"product-type-simple"},"_links":{"self":[{"href":"https:\/\/stanijamaricic.com\/sr\/wp-json\/wp\/v2\/product\/363","targetHints":{"allow":["GET"]}}],"collection":[{"href":"https:\/\/stanijamaricic.com\/sr\/wp-json\/wp\/v2\/product"}],"about":[{"href":"https:\/\/stanijamaricic.com\/sr\/wp-json\/wp\/v2\/types\/product"}],"replies":[{"embeddable":true,"href":"https:\/\/stanijamaricic.com\/sr\/wp-json\/wp\/v2\/comments?post=363"}],"wp:featuredmedia":[{"embeddable":true,"href":"https:\/\/stanijamaricic.com\/sr\/wp-json\/wp\/v2\/media\/414"}],"wp:attachment":[{"href":"https:\/\/stanijamaricic.com\/sr\/wp-json\/wp\/v2\/media?parent=363"}],"wp:term":[{"taxonomy":"product_brand","embeddable":true,"href":"https:\/\/stanijamaricic.com\/sr\/wp-json\/wp\/v2\/product_brand?post=363"},{"taxonomy":"product_cat","embeddable":true,"href":"https:\/\/stanijamaricic.com\/sr\/wp-json\/wp\/v2\/product_cat?post=363"},{"taxonomy":"product_tag","embeddable":true,"href":"https:\/\/stanijamaricic.com\/sr\/wp-json\/wp\/v2\/product_tag?post=363"}],"curies":[{"name":"wp","href":"https:\/\/api.w.org\/{rel}","templated":true}]}}