{"id":3757,"date":"2022-03-18T21:23:34","date_gmt":"2022-03-18T21:23:34","guid":{"rendered":"https:\/\/stanijamaricic.com\/?post_type=product&#038;p=3757"},"modified":"2023-04-19T08:06:54","modified_gmt":"2023-04-19T08:06:54","slug":"natallieh","status":"publish","type":"product","link":"https:\/\/stanijamaricic.com\/sr\/shop\/natallieh\/","title":{"rendered":"Natallieh"},"content":{"rendered":"<p>Vezena tunika, u ovom modelu \u0107ete privla\u010diti pa\u017enju, boho look<\/p>","protected":false},"excerpt":{"rendered":"<p>Pamuk 60%, viskoza 40%, pranje, 30\u00b0C<\/p>","protected":false},"featured_media":4612,"comment_status":"open","ping_status":"closed","template":"","meta":[],"product_brand":[],"product_cat":[69],"product_tag":[328,140,197,103,106],"class_list":{"0":"post-3757","1":"product","2":"type-product","3":"status-publish","4":"has-post-thumbnail","6":"product_cat-tunika","7":"product_tag-bestickt","8":"product_tag-boho-look","9":"product_tag-eigenkreation","10":"product_tag-tunika","11":"product_tag-unikat","13":"first","14":"instock","15":"sale","16":"taxable","17":"shipping-taxable","18":"purchasable","19":"product-type-simple"},"_links":{"self":[{"href":"https:\/\/stanijamaricic.com\/sr\/wp-json\/wp\/v2\/product\/3757","targetHints":{"allow":["GET"]}}],"collection":[{"href":"https:\/\/stanijamaricic.com\/sr\/wp-json\/wp\/v2\/product"}],"about":[{"href":"https:\/\/stanijamaricic.com\/sr\/wp-json\/wp\/v2\/types\/product"}],"replies":[{"embeddable":true,"href":"https:\/\/stanijamaricic.com\/sr\/wp-json\/wp\/v2\/comments?post=3757"}],"wp:featuredmedia":[{"embeddable":true,"href":"https:\/\/stanijamaricic.com\/sr\/wp-json\/wp\/v2\/media\/4612"}],"wp:attachment":[{"href":"https:\/\/stanijamaricic.com\/sr\/wp-json\/wp\/v2\/media?parent=3757"}],"wp:term":[{"taxonomy":"product_brand","embeddable":true,"href":"https:\/\/stanijamaricic.com\/sr\/wp-json\/wp\/v2\/product_brand?post=3757"},{"taxonomy":"product_cat","embeddable":true,"href":"https:\/\/stanijamaricic.com\/sr\/wp-json\/wp\/v2\/product_cat?post=3757"},{"taxonomy":"product_tag","embeddable":true,"href":"https:\/\/stanijamaricic.com\/sr\/wp-json\/wp\/v2\/product_tag?post=3757"}],"curies":[{"name":"wp","href":"https:\/\/api.w.org\/{rel}","templated":true}]}}