{"id":3947,"date":"2022-03-24T19:10:13","date_gmt":"2022-03-24T19:10:13","guid":{"rendered":"https:\/\/stanijamaricic.com\/?post_type=product&#038;p=3947"},"modified":"2023-04-19T07:11:12","modified_gmt":"2023-04-19T07:11:12","slug":"tanja","status":"publish","type":"product","link":"https:\/\/stanijamaricic.com\/sr\/shop\/tanja\/","title":{"rendered":"Tanja"},"content":{"rendered":"<p>Elasti\u010dna izrada, \u017eenstvena silueta, \u010dista \u017eenstvenost<\/p>","protected":false},"excerpt":{"rendered":"<p>Polyacril, 94%, Elasthan, 6%, Waschen20\u00b0C<\/p>","protected":false},"featured_media":4801,"comment_status":"open","ping_status":"closed","template":"","meta":[],"product_brand":[],"product_cat":[249],"product_tag":[259,276,254],"class_list":{"0":"post-3947","1":"product","2":"type-product","3":"status-publish","4":"has-post-thumbnail","6":"product_cat-sommerkleid","7":"product_tag-betonte-silhouette","8":"product_tag-elastische-verarbeitung","9":"product_tag-kleid","11":"first","12":"instock","13":"sale","14":"taxable","15":"shipping-taxable","16":"purchasable","17":"product-type-simple"},"_links":{"self":[{"href":"https:\/\/stanijamaricic.com\/sr\/wp-json\/wp\/v2\/product\/3947","targetHints":{"allow":["GET"]}}],"collection":[{"href":"https:\/\/stanijamaricic.com\/sr\/wp-json\/wp\/v2\/product"}],"about":[{"href":"https:\/\/stanijamaricic.com\/sr\/wp-json\/wp\/v2\/types\/product"}],"replies":[{"embeddable":true,"href":"https:\/\/stanijamaricic.com\/sr\/wp-json\/wp\/v2\/comments?post=3947"}],"wp:featuredmedia":[{"embeddable":true,"href":"https:\/\/stanijamaricic.com\/sr\/wp-json\/wp\/v2\/media\/4801"}],"wp:attachment":[{"href":"https:\/\/stanijamaricic.com\/sr\/wp-json\/wp\/v2\/media?parent=3947"}],"wp:term":[{"taxonomy":"product_brand","embeddable":true,"href":"https:\/\/stanijamaricic.com\/sr\/wp-json\/wp\/v2\/product_brand?post=3947"},{"taxonomy":"product_cat","embeddable":true,"href":"https:\/\/stanijamaricic.com\/sr\/wp-json\/wp\/v2\/product_cat?post=3947"},{"taxonomy":"product_tag","embeddable":true,"href":"https:\/\/stanijamaricic.com\/sr\/wp-json\/wp\/v2\/product_tag?post=3947"}],"curies":[{"name":"wp","href":"https:\/\/api.w.org\/{rel}","templated":true}]}}