{"id":4970,"date":"2022-04-06T17:21:38","date_gmt":"2022-04-06T17:21:38","guid":{"rendered":"https:\/\/stanijamaricic.com\/?post_type=product&#038;p=4970"},"modified":"2023-02-22T21:20:42","modified_gmt":"2023-02-22T21:20:42","slug":"ginger","status":"publish","type":"product","link":"https:\/\/stanijamaricic.com\/sr\/shop\/ginger\/","title":{"rendered":"\u0110umbir"},"content":{"rendered":"<p>Top sa romanti\u010dnom \u010dipkom, Carmen izrez, unikat, ru\u010dni rad, boho stil<\/p>","protected":false},"excerpt":{"rendered":"<p>Pamuk 100%, pranje u ma\u0161ini, 30\u00b0C<\/p>","protected":false},"featured_media":4983,"comment_status":"open","ping_status":"closed","template":"","meta":[],"product_brand":[],"product_cat":[126],"product_tag":[235,123,122,106],"class_list":{"0":"post-4970","1":"product","2":"type-product","3":"status-publish","4":"has-post-thumbnail","6":"product_cat-top","7":"product_tag-carmen-ausschnit","8":"product_tag-romantisch","9":"product_tag-top","10":"product_tag-unikat","12":"first","13":"instock","14":"sale","15":"taxable","16":"shipping-taxable","17":"purchasable","18":"product-type-simple"},"_links":{"self":[{"href":"https:\/\/stanijamaricic.com\/sr\/wp-json\/wp\/v2\/product\/4970","targetHints":{"allow":["GET"]}}],"collection":[{"href":"https:\/\/stanijamaricic.com\/sr\/wp-json\/wp\/v2\/product"}],"about":[{"href":"https:\/\/stanijamaricic.com\/sr\/wp-json\/wp\/v2\/types\/product"}],"replies":[{"embeddable":true,"href":"https:\/\/stanijamaricic.com\/sr\/wp-json\/wp\/v2\/comments?post=4970"}],"wp:featuredmedia":[{"embeddable":true,"href":"https:\/\/stanijamaricic.com\/sr\/wp-json\/wp\/v2\/media\/4983"}],"wp:attachment":[{"href":"https:\/\/stanijamaricic.com\/sr\/wp-json\/wp\/v2\/media?parent=4970"}],"wp:term":[{"taxonomy":"product_brand","embeddable":true,"href":"https:\/\/stanijamaricic.com\/sr\/wp-json\/wp\/v2\/product_brand?post=4970"},{"taxonomy":"product_cat","embeddable":true,"href":"https:\/\/stanijamaricic.com\/sr\/wp-json\/wp\/v2\/product_cat?post=4970"},{"taxonomy":"product_tag","embeddable":true,"href":"https:\/\/stanijamaricic.com\/sr\/wp-json\/wp\/v2\/product_tag?post=4970"}],"curies":[{"name":"wp","href":"https:\/\/api.w.org\/{rel}","templated":true}]}}