{"id":5187,"date":"2022-04-10T20:57:25","date_gmt":"2022-04-10T20:57:25","guid":{"rendered":"https:\/\/stanijamaricic.com\/?post_type=product&#038;p=5187"},"modified":"2023-04-19T23:53:03","modified_gmt":"2023-04-19T23:53:03","slug":"andjela-2","status":"publish","type":"product","link":"https:\/\/stanijamaricic.com\/sr\/shop\/andjela-2\/","title":{"rendered":"Alesa"},"content":{"rendered":"<p>Pletena tunika, romanti\u010dna, umiljata, \u010dini jako lijepu figuru, pripijena, ru\u010dni rad, unikat, <\/p>","protected":false},"excerpt":{"rendered":"<p>Pamuk, 50%, Viskoza, 50%, Ru\u010dno pranje<\/p>","protected":false},"featured_media":5810,"comment_status":"open","ping_status":"closed","template":"","meta":[],"product_brand":[],"product_cat":[69],"product_tag":[123,103,106,285],"class_list":{"0":"post-5187","1":"product","2":"type-product","3":"status-publish","4":"has-post-thumbnail","6":"product_cat-tunika","7":"product_tag-romantisch","8":"product_tag-tunika","9":"product_tag-unikat","10":"product_tag-warm","12":"first","13":"instock","14":"sale","15":"taxable","16":"shipping-taxable","17":"purchasable","18":"product-type-simple"},"_links":{"self":[{"href":"https:\/\/stanijamaricic.com\/sr\/wp-json\/wp\/v2\/product\/5187","targetHints":{"allow":["GET"]}}],"collection":[{"href":"https:\/\/stanijamaricic.com\/sr\/wp-json\/wp\/v2\/product"}],"about":[{"href":"https:\/\/stanijamaricic.com\/sr\/wp-json\/wp\/v2\/types\/product"}],"replies":[{"embeddable":true,"href":"https:\/\/stanijamaricic.com\/sr\/wp-json\/wp\/v2\/comments?post=5187"}],"wp:featuredmedia":[{"embeddable":true,"href":"https:\/\/stanijamaricic.com\/sr\/wp-json\/wp\/v2\/media\/5810"}],"wp:attachment":[{"href":"https:\/\/stanijamaricic.com\/sr\/wp-json\/wp\/v2\/media?parent=5187"}],"wp:term":[{"taxonomy":"product_brand","embeddable":true,"href":"https:\/\/stanijamaricic.com\/sr\/wp-json\/wp\/v2\/product_brand?post=5187"},{"taxonomy":"product_cat","embeddable":true,"href":"https:\/\/stanijamaricic.com\/sr\/wp-json\/wp\/v2\/product_cat?post=5187"},{"taxonomy":"product_tag","embeddable":true,"href":"https:\/\/stanijamaricic.com\/sr\/wp-json\/wp\/v2\/product_tag?post=5187"}],"curies":[{"name":"wp","href":"https:\/\/api.w.org\/{rel}","templated":true}]}}