{"id":5192,"date":"2022-04-10T20:57:25","date_gmt":"2022-04-10T20:57:25","guid":{"rendered":"https:\/\/stanijamaricic.com\/?post_type=product&#038;p=5192"},"modified":"2023-02-22T21:16:45","modified_gmt":"2023-02-22T21:16:45","slug":"luna-2","status":"publish","type":"product","link":"https:\/\/stanijamaricic.com\/sr\/shop\/luna-2\/","title":{"rendered":"Luna"},"content":{"rendered":"<p>Ein zauberhafter Look, Feminin, Verspielt, Verf\u00fchrerisch, Boho-Look, Handarbeit, geh\u00e4kelt, Einzelst\u00fcck<\/p>","protected":false},"excerpt":{"rendered":"<p>Pamuk, 100%, pranje u perilici, 40\u00b0C<\/p>","protected":false},"featured_media":5803,"comment_status":"open","ping_status":"closed","template":"","meta":[],"product_brand":[],"product_cat":[69],"product_tag":[121,104,123,103],"class_list":{"0":"post-5192","1":"product","2":"type-product","3":"status-publish","4":"has-post-thumbnail","6":"product_cat-tunika","7":"product_tag-boho-style","8":"product_tag-gehakelt","9":"product_tag-romantisch","10":"product_tag-tunika","12":"first","13":"instock","14":"sale","15":"taxable","16":"shipping-taxable","17":"purchasable","18":"product-type-simple"},"_links":{"self":[{"href":"https:\/\/stanijamaricic.com\/sr\/wp-json\/wp\/v2\/product\/5192","targetHints":{"allow":["GET"]}}],"collection":[{"href":"https:\/\/stanijamaricic.com\/sr\/wp-json\/wp\/v2\/product"}],"about":[{"href":"https:\/\/stanijamaricic.com\/sr\/wp-json\/wp\/v2\/types\/product"}],"replies":[{"embeddable":true,"href":"https:\/\/stanijamaricic.com\/sr\/wp-json\/wp\/v2\/comments?post=5192"}],"wp:featuredmedia":[{"embeddable":true,"href":"https:\/\/stanijamaricic.com\/sr\/wp-json\/wp\/v2\/media\/5803"}],"wp:attachment":[{"href":"https:\/\/stanijamaricic.com\/sr\/wp-json\/wp\/v2\/media?parent=5192"}],"wp:term":[{"taxonomy":"product_brand","embeddable":true,"href":"https:\/\/stanijamaricic.com\/sr\/wp-json\/wp\/v2\/product_brand?post=5192"},{"taxonomy":"product_cat","embeddable":true,"href":"https:\/\/stanijamaricic.com\/sr\/wp-json\/wp\/v2\/product_cat?post=5192"},{"taxonomy":"product_tag","embeddable":true,"href":"https:\/\/stanijamaricic.com\/sr\/wp-json\/wp\/v2\/product_tag?post=5192"}],"curies":[{"name":"wp","href":"https:\/\/api.w.org\/{rel}","templated":true}]}}