{"id":5202,"date":"2022-04-10T20:57:26","date_gmt":"2022-04-10T20:57:26","guid":{"rendered":"https:\/\/stanijamaricic.com\/?post_type=product&#038;p=5202"},"modified":"2023-04-18T11:01:36","modified_gmt":"2023-04-18T11:01:36","slug":"hasea","status":"publish","type":"product","link":"https:\/\/stanijamaricic.com\/sr\/shop\/hasea\/","title":{"rendered":"Hasea"},"content":{"rendered":"<p>Ein zauberhafter Look, Feminin, Verspielt, Verf\u00fchrerisch, Boho-Look, Einzelst\u00fcck, Handarbeit, geh\u00e4kelt<\/p>","protected":false},"excerpt":{"rendered":"<p>Pamuk, 100%, pranje u perilici, 40\u00b0C<\/p>","protected":false},"featured_media":5779,"comment_status":"open","ping_status":"closed","template":"","meta":[],"product_brand":[],"product_cat":[126],"product_tag":[121,104,123,122,106],"class_list":{"0":"post-5202","1":"product","2":"type-product","3":"status-publish","4":"has-post-thumbnail","6":"product_cat-top","7":"product_tag-boho-style","8":"product_tag-gehakelt","9":"product_tag-romantisch","10":"product_tag-top","11":"product_tag-unikat","13":"first","14":"instock","15":"sale","16":"taxable","17":"shipping-taxable","18":"purchasable","19":"product-type-simple"},"_links":{"self":[{"href":"https:\/\/stanijamaricic.com\/sr\/wp-json\/wp\/v2\/product\/5202","targetHints":{"allow":["GET"]}}],"collection":[{"href":"https:\/\/stanijamaricic.com\/sr\/wp-json\/wp\/v2\/product"}],"about":[{"href":"https:\/\/stanijamaricic.com\/sr\/wp-json\/wp\/v2\/types\/product"}],"replies":[{"embeddable":true,"href":"https:\/\/stanijamaricic.com\/sr\/wp-json\/wp\/v2\/comments?post=5202"}],"wp:featuredmedia":[{"embeddable":true,"href":"https:\/\/stanijamaricic.com\/sr\/wp-json\/wp\/v2\/media\/5779"}],"wp:attachment":[{"href":"https:\/\/stanijamaricic.com\/sr\/wp-json\/wp\/v2\/media?parent=5202"}],"wp:term":[{"taxonomy":"product_brand","embeddable":true,"href":"https:\/\/stanijamaricic.com\/sr\/wp-json\/wp\/v2\/product_brand?post=5202"},{"taxonomy":"product_cat","embeddable":true,"href":"https:\/\/stanijamaricic.com\/sr\/wp-json\/wp\/v2\/product_cat?post=5202"},{"taxonomy":"product_tag","embeddable":true,"href":"https:\/\/stanijamaricic.com\/sr\/wp-json\/wp\/v2\/product_tag?post=5202"}],"curies":[{"name":"wp","href":"https:\/\/api.w.org\/{rel}","templated":true}]}}