{"id":5226,"date":"2022-04-10T20:57:28","date_gmt":"2022-04-10T20:57:28","guid":{"rendered":"https:\/\/stanijamaricic.com\/?post_type=product&#038;p=5226"},"modified":"2023-04-18T10:13:55","modified_gmt":"2023-04-18T10:13:55","slug":"baileyse","status":"publish","type":"product","link":"https:\/\/stanijamaricic.com\/sr\/shop\/baileyse\/","title":{"rendered":"Baileyse"},"content":{"rendered":"<p>Tunika \/Minikleid, Einzelst\u00fcck, Sch\u00f6ne Kleid f\u00fcr Strandhochzeit, Bademode, Boho-Style, Mit diesem verf\u00fchrerischen Kleid wirst du ihn bestimmt verf\u00fchren<\/p>","protected":false},"excerpt":{"rendered":"<p>Pamuk, 80%, Acryl20%, pranje, na 30\u00b0C<\/p>","protected":false},"featured_media":5716,"comment_status":"open","ping_status":"closed","template":"","meta":[],"product_brand":[],"product_cat":[71],"product_tag":[301,272,123],"class_list":{"0":"post-5226","1":"product","2":"type-product","3":"status-publish","4":"has-post-thumbnail","6":"product_cat-minikleid","7":"product_tag-minikleid","8":"product_tag-retro-look","9":"product_tag-romantisch","11":"first","12":"instock","13":"sale","14":"taxable","15":"shipping-taxable","16":"purchasable","17":"product-type-simple"},"_links":{"self":[{"href":"https:\/\/stanijamaricic.com\/sr\/wp-json\/wp\/v2\/product\/5226","targetHints":{"allow":["GET"]}}],"collection":[{"href":"https:\/\/stanijamaricic.com\/sr\/wp-json\/wp\/v2\/product"}],"about":[{"href":"https:\/\/stanijamaricic.com\/sr\/wp-json\/wp\/v2\/types\/product"}],"replies":[{"embeddable":true,"href":"https:\/\/stanijamaricic.com\/sr\/wp-json\/wp\/v2\/comments?post=5226"}],"wp:featuredmedia":[{"embeddable":true,"href":"https:\/\/stanijamaricic.com\/sr\/wp-json\/wp\/v2\/media\/5716"}],"wp:attachment":[{"href":"https:\/\/stanijamaricic.com\/sr\/wp-json\/wp\/v2\/media?parent=5226"}],"wp:term":[{"taxonomy":"product_brand","embeddable":true,"href":"https:\/\/stanijamaricic.com\/sr\/wp-json\/wp\/v2\/product_brand?post=5226"},{"taxonomy":"product_cat","embeddable":true,"href":"https:\/\/stanijamaricic.com\/sr\/wp-json\/wp\/v2\/product_cat?post=5226"},{"taxonomy":"product_tag","embeddable":true,"href":"https:\/\/stanijamaricic.com\/sr\/wp-json\/wp\/v2\/product_tag?post=5226"}],"curies":[{"name":"wp","href":"https:\/\/api.w.org\/{rel}","templated":true}]}}