{"id":5231,"date":"2022-04-10T20:57:29","date_gmt":"2022-04-10T20:57:29","guid":{"rendered":"https:\/\/stanijamaricic.com\/?post_type=product&#038;p=5231"},"modified":"2023-04-21T10:01:39","modified_gmt":"2023-04-21T10:01:39","slug":"reese-2","status":"publish","type":"product","link":"https:\/\/stanijamaricic.com\/sr\/shop\/reese-2\/","title":{"rendered":"Reesena"},"content":{"rendered":"<p>Tunika, Einzelst\u00fcck, Romantisch, Bademode, Retro-Look, Handarbeit, geh\u00e4kelt, Ideal f\u00fcr den Strand<\/p>","protected":false},"excerpt":{"rendered":"<p>Pamuk, 100%.Prati u perilici, na 40\u00b0C<\/p>","protected":false},"featured_media":5700,"comment_status":"open","ping_status":"closed","template":"","meta":[],"product_brand":[],"product_cat":[69],"product_tag":[356,360,103],"class_list":{"0":"post-5231","1":"product","2":"type-product","3":"status-publish","4":"has-post-thumbnail","6":"product_cat-tunika","7":"product_tag-city-mode","8":"product_tag-gehekelt","9":"product_tag-tunika","11":"first","12":"instock","13":"sale","14":"taxable","15":"shipping-taxable","16":"purchasable","17":"product-type-simple"},"_links":{"self":[{"href":"https:\/\/stanijamaricic.com\/sr\/wp-json\/wp\/v2\/product\/5231","targetHints":{"allow":["GET"]}}],"collection":[{"href":"https:\/\/stanijamaricic.com\/sr\/wp-json\/wp\/v2\/product"}],"about":[{"href":"https:\/\/stanijamaricic.com\/sr\/wp-json\/wp\/v2\/types\/product"}],"replies":[{"embeddable":true,"href":"https:\/\/stanijamaricic.com\/sr\/wp-json\/wp\/v2\/comments?post=5231"}],"wp:featuredmedia":[{"embeddable":true,"href":"https:\/\/stanijamaricic.com\/sr\/wp-json\/wp\/v2\/media\/5700"}],"wp:attachment":[{"href":"https:\/\/stanijamaricic.com\/sr\/wp-json\/wp\/v2\/media?parent=5231"}],"wp:term":[{"taxonomy":"product_brand","embeddable":true,"href":"https:\/\/stanijamaricic.com\/sr\/wp-json\/wp\/v2\/product_brand?post=5231"},{"taxonomy":"product_cat","embeddable":true,"href":"https:\/\/stanijamaricic.com\/sr\/wp-json\/wp\/v2\/product_cat?post=5231"},{"taxonomy":"product_tag","embeddable":true,"href":"https:\/\/stanijamaricic.com\/sr\/wp-json\/wp\/v2\/product_tag?post=5231"}],"curies":[{"name":"wp","href":"https:\/\/api.w.org\/{rel}","templated":true}]}}