{"id":5232,"date":"2022-04-10T20:57:29","date_gmt":"2022-04-10T20:57:29","guid":{"rendered":"https:\/\/stanijamaricic.com\/?post_type=product&#038;p=5232"},"modified":"2023-04-18T10:09:06","modified_gmt":"2023-04-18T10:09:06","slug":"eloise-2","status":"publish","type":"product","link":"https:\/\/stanijamaricic.com\/sr\/shop\/eloise-2\/","title":{"rendered":"Eloise"},"content":{"rendered":"<p>Mini haljina, unikat, zavodljiva, romanti\u010dno vjen\u010danje na pla\u017ei, ru\u010dni rad, heklana, ne\u0161to posebno za ljeto<\/p>","protected":false},"excerpt":{"rendered":"<p>Pamuk 84%,Viskoza 16%,Prati na 30\u00b0C<\/p>","protected":false},"featured_media":5698,"comment_status":"open","ping_status":"closed","template":"","meta":[],"product_brand":[],"product_cat":[71],"product_tag":[104,123,366],"class_list":{"0":"post-5232","1":"product","2":"type-product","3":"status-publish","4":"has-post-thumbnail","6":"product_cat-minikleid","7":"product_tag-gehakelt","8":"product_tag-romantisch","9":"product_tag-tunika-kleid","11":"first","12":"instock","13":"sale","14":"taxable","15":"shipping-taxable","16":"purchasable","17":"product-type-simple"},"_links":{"self":[{"href":"https:\/\/stanijamaricic.com\/sr\/wp-json\/wp\/v2\/product\/5232","targetHints":{"allow":["GET"]}}],"collection":[{"href":"https:\/\/stanijamaricic.com\/sr\/wp-json\/wp\/v2\/product"}],"about":[{"href":"https:\/\/stanijamaricic.com\/sr\/wp-json\/wp\/v2\/types\/product"}],"replies":[{"embeddable":true,"href":"https:\/\/stanijamaricic.com\/sr\/wp-json\/wp\/v2\/comments?post=5232"}],"wp:featuredmedia":[{"embeddable":true,"href":"https:\/\/stanijamaricic.com\/sr\/wp-json\/wp\/v2\/media\/5698"}],"wp:attachment":[{"href":"https:\/\/stanijamaricic.com\/sr\/wp-json\/wp\/v2\/media?parent=5232"}],"wp:term":[{"taxonomy":"product_brand","embeddable":true,"href":"https:\/\/stanijamaricic.com\/sr\/wp-json\/wp\/v2\/product_brand?post=5232"},{"taxonomy":"product_cat","embeddable":true,"href":"https:\/\/stanijamaricic.com\/sr\/wp-json\/wp\/v2\/product_cat?post=5232"},{"taxonomy":"product_tag","embeddable":true,"href":"https:\/\/stanijamaricic.com\/sr\/wp-json\/wp\/v2\/product_tag?post=5232"}],"curies":[{"name":"wp","href":"https:\/\/api.w.org\/{rel}","templated":true}]}}