{"id":5250,"date":"2022-04-10T20:57:30","date_gmt":"2022-04-10T20:57:30","guid":{"rendered":"https:\/\/stanijamaricic.com\/?post_type=product&#038;p=5250"},"modified":"2023-04-20T09:00:50","modified_gmt":"2023-04-20T09:00:50","slug":"eliana","status":"publish","type":"product","link":"https:\/\/stanijamaricic.com\/sr\/shop\/eliana\/","title":{"rendered":"Eliana"},"content":{"rendered":"<p>Tunika,Minikleid,gehek\u00e4lt und aus Schweizerspitze gemacht, Einzelst\u00fcck,Wundersch\u00f6ne Sommerkleid<\/p>","protected":false},"excerpt":{"rendered":"<p>Pamuk 64%, viskoza 36% Pranje na 20\u00b0C<\/p>","protected":false},"featured_media":5643,"comment_status":"open","ping_status":"closed","template":"","meta":[],"product_brand":[],"product_cat":[69],"product_tag":[109,329],"class_list":{"0":"post-5250","1":"product","2":"type-product","3":"status-publish","4":"has-post-thumbnail","6":"product_cat-tunika","7":"product_tag-bademode","8":"product_tag-tunika-minikleid","10":"first","11":"instock","12":"sale","13":"taxable","14":"shipping-taxable","15":"purchasable","16":"product-type-simple"},"_links":{"self":[{"href":"https:\/\/stanijamaricic.com\/sr\/wp-json\/wp\/v2\/product\/5250","targetHints":{"allow":["GET"]}}],"collection":[{"href":"https:\/\/stanijamaricic.com\/sr\/wp-json\/wp\/v2\/product"}],"about":[{"href":"https:\/\/stanijamaricic.com\/sr\/wp-json\/wp\/v2\/types\/product"}],"replies":[{"embeddable":true,"href":"https:\/\/stanijamaricic.com\/sr\/wp-json\/wp\/v2\/comments?post=5250"}],"wp:featuredmedia":[{"embeddable":true,"href":"https:\/\/stanijamaricic.com\/sr\/wp-json\/wp\/v2\/media\/5643"}],"wp:attachment":[{"href":"https:\/\/stanijamaricic.com\/sr\/wp-json\/wp\/v2\/media?parent=5250"}],"wp:term":[{"taxonomy":"product_brand","embeddable":true,"href":"https:\/\/stanijamaricic.com\/sr\/wp-json\/wp\/v2\/product_brand?post=5250"},{"taxonomy":"product_cat","embeddable":true,"href":"https:\/\/stanijamaricic.com\/sr\/wp-json\/wp\/v2\/product_cat?post=5250"},{"taxonomy":"product_tag","embeddable":true,"href":"https:\/\/stanijamaricic.com\/sr\/wp-json\/wp\/v2\/product_tag?post=5250"}],"curies":[{"name":"wp","href":"https:\/\/api.w.org\/{rel}","templated":true}]}}