{"id":5253,"date":"2022-04-10T20:57:30","date_gmt":"2022-04-10T20:57:30","guid":{"rendered":"https:\/\/stanijamaricic.com\/?post_type=product&#038;p=5253"},"modified":"2023-02-22T14:58:03","modified_gmt":"2023-02-22T14:58:03","slug":"isla","status":"publish","type":"product","link":"https:\/\/stanijamaricic.com\/sr\/shop\/isla\/","title":{"rendered":"Isla"},"content":{"rendered":"<p>Minikleid, Einzelst\u00fcck, Verf\u00fchrerisch, Romantische Strandhochzeit, Handarbeit, geh\u00e4kelt, Boho-Look, Etwas Besonderes f\u00fcr den Sommer<\/p>","protected":false},"excerpt":{"rendered":"<p>Pamuk 100%, pranje u perilici na 40\u00b0C<\/p>","protected":false},"featured_media":5634,"comment_status":"open","ping_status":"closed","template":"","meta":[],"product_brand":[],"product_cat":[71],"product_tag":[104,123,366],"class_list":{"0":"post-5253","1":"product","2":"type-product","3":"status-publish","4":"has-post-thumbnail","6":"product_cat-minikleid","7":"product_tag-gehakelt","8":"product_tag-romantisch","9":"product_tag-tunika-kleid","11":"first","12":"instock","13":"sale","14":"taxable","15":"shipping-taxable","16":"purchasable","17":"product-type-simple"},"_links":{"self":[{"href":"https:\/\/stanijamaricic.com\/sr\/wp-json\/wp\/v2\/product\/5253","targetHints":{"allow":["GET"]}}],"collection":[{"href":"https:\/\/stanijamaricic.com\/sr\/wp-json\/wp\/v2\/product"}],"about":[{"href":"https:\/\/stanijamaricic.com\/sr\/wp-json\/wp\/v2\/types\/product"}],"replies":[{"embeddable":true,"href":"https:\/\/stanijamaricic.com\/sr\/wp-json\/wp\/v2\/comments?post=5253"}],"wp:featuredmedia":[{"embeddable":true,"href":"https:\/\/stanijamaricic.com\/sr\/wp-json\/wp\/v2\/media\/5634"}],"wp:attachment":[{"href":"https:\/\/stanijamaricic.com\/sr\/wp-json\/wp\/v2\/media?parent=5253"}],"wp:term":[{"taxonomy":"product_brand","embeddable":true,"href":"https:\/\/stanijamaricic.com\/sr\/wp-json\/wp\/v2\/product_brand?post=5253"},{"taxonomy":"product_cat","embeddable":true,"href":"https:\/\/stanijamaricic.com\/sr\/wp-json\/wp\/v2\/product_cat?post=5253"},{"taxonomy":"product_tag","embeddable":true,"href":"https:\/\/stanijamaricic.com\/sr\/wp-json\/wp\/v2\/product_tag?post=5253"}],"curies":[{"name":"wp","href":"https:\/\/api.w.org\/{rel}","templated":true}]}}