{"id":5254,"date":"2022-04-10T20:57:30","date_gmt":"2022-04-10T20:57:30","guid":{"rendered":"https:\/\/stanijamaricic.com\/?post_type=product&#038;p=5254"},"modified":"2023-02-27T14:59:58","modified_gmt":"2023-02-27T14:59:58","slug":"everyl","status":"publish","type":"product","link":"https:\/\/stanijamaricic.com\/sr\/shop\/everyl\/","title":{"rendered":"Sve"},"content":{"rendered":"<p>Tunika\/Minikleid, Unikat,Handarbeit aus Macram\u00e9spitze und geh\u00e4kelt, Idesle begleiter f\u00fcr  Sommergarderobe und den Strand<\/p>","protected":false},"excerpt":{"rendered":"<p>Cotton76%, Acryl 24%, Waschen bei 30\u00b0C<\/p>","protected":false},"featured_media":5630,"comment_status":"open","ping_status":"closed","template":"","meta":[],"product_brand":[],"product_cat":[69],"product_tag":[104,244,366],"class_list":{"0":"post-5254","1":"product","2":"type-product","3":"status-publish","4":"has-post-thumbnail","6":"product_cat-tunika","7":"product_tag-gehakelt","8":"product_tag-macrame","9":"product_tag-tunika-kleid","11":"first","12":"instock","13":"sale","14":"taxable","15":"shipping-taxable","16":"purchasable","17":"product-type-simple"},"_links":{"self":[{"href":"https:\/\/stanijamaricic.com\/sr\/wp-json\/wp\/v2\/product\/5254","targetHints":{"allow":["GET"]}}],"collection":[{"href":"https:\/\/stanijamaricic.com\/sr\/wp-json\/wp\/v2\/product"}],"about":[{"href":"https:\/\/stanijamaricic.com\/sr\/wp-json\/wp\/v2\/types\/product"}],"replies":[{"embeddable":true,"href":"https:\/\/stanijamaricic.com\/sr\/wp-json\/wp\/v2\/comments?post=5254"}],"wp:featuredmedia":[{"embeddable":true,"href":"https:\/\/stanijamaricic.com\/sr\/wp-json\/wp\/v2\/media\/5630"}],"wp:attachment":[{"href":"https:\/\/stanijamaricic.com\/sr\/wp-json\/wp\/v2\/media?parent=5254"}],"wp:term":[{"taxonomy":"product_brand","embeddable":true,"href":"https:\/\/stanijamaricic.com\/sr\/wp-json\/wp\/v2\/product_brand?post=5254"},{"taxonomy":"product_cat","embeddable":true,"href":"https:\/\/stanijamaricic.com\/sr\/wp-json\/wp\/v2\/product_cat?post=5254"},{"taxonomy":"product_tag","embeddable":true,"href":"https:\/\/stanijamaricic.com\/sr\/wp-json\/wp\/v2\/product_tag?post=5254"}],"curies":[{"name":"wp","href":"https:\/\/api.w.org\/{rel}","templated":true}]}}