{"id":5271,"date":"2022-04-10T20:57:32","date_gmt":"2022-04-10T20:57:32","guid":{"rendered":"https:\/\/stanijamaricic.com\/?post_type=product&#038;p=5271"},"modified":"2023-02-21T20:56:54","modified_gmt":"2023-02-21T20:56:54","slug":"eliza","status":"publish","type":"product","link":"https:\/\/stanijamaricic.com\/sr\/shop\/eliza\/","title":{"rendered":"Eliza"},"content":{"rendered":"<p>Minikleid, Einzelst\u00fcck,Wundersch\u00f6nes  Kleid f\u00fcr den Strandhochzeit, Bademode, Handarbeit, geh\u00e4kelt<\/p>","protected":false},"excerpt":{"rendered":"<p>Pamuk 100%, pranje u perilici na 40\u00b0C<\/p>","protected":false},"featured_media":5580,"comment_status":"open","ping_status":"closed","template":"","meta":[],"product_brand":[],"product_cat":[71],"product_tag":[372,103],"class_list":{"0":"post-5271","1":"product","2":"type-product","3":"status-publish","4":"has-post-thumbnail","6":"product_cat-minikleid","7":"product_tag-romantische-minikleid","8":"product_tag-tunika","10":"first","11":"instock","12":"sale","13":"taxable","14":"shipping-taxable","15":"purchasable","16":"product-type-simple"},"_links":{"self":[{"href":"https:\/\/stanijamaricic.com\/sr\/wp-json\/wp\/v2\/product\/5271","targetHints":{"allow":["GET"]}}],"collection":[{"href":"https:\/\/stanijamaricic.com\/sr\/wp-json\/wp\/v2\/product"}],"about":[{"href":"https:\/\/stanijamaricic.com\/sr\/wp-json\/wp\/v2\/types\/product"}],"replies":[{"embeddable":true,"href":"https:\/\/stanijamaricic.com\/sr\/wp-json\/wp\/v2\/comments?post=5271"}],"wp:featuredmedia":[{"embeddable":true,"href":"https:\/\/stanijamaricic.com\/sr\/wp-json\/wp\/v2\/media\/5580"}],"wp:attachment":[{"href":"https:\/\/stanijamaricic.com\/sr\/wp-json\/wp\/v2\/media?parent=5271"}],"wp:term":[{"taxonomy":"product_brand","embeddable":true,"href":"https:\/\/stanijamaricic.com\/sr\/wp-json\/wp\/v2\/product_brand?post=5271"},{"taxonomy":"product_cat","embeddable":true,"href":"https:\/\/stanijamaricic.com\/sr\/wp-json\/wp\/v2\/product_cat?post=5271"},{"taxonomy":"product_tag","embeddable":true,"href":"https:\/\/stanijamaricic.com\/sr\/wp-json\/wp\/v2\/product_tag?post=5271"}],"curies":[{"name":"wp","href":"https:\/\/api.w.org\/{rel}","templated":true}]}}