{"id":5274,"date":"2022-04-10T20:57:32","date_gmt":"2022-04-10T20:57:32","guid":{"rendered":"https:\/\/stanijamaricic.com\/?post_type=product&#038;p=5274"},"modified":"2023-02-26T11:23:39","modified_gmt":"2023-02-26T11:23:39","slug":"daniella-2","status":"publish","type":"product","link":"https:\/\/stanijamaricic.com\/sr\/shop\/daniella-2\/","title":{"rendered":"Danijela"},"content":{"rendered":"<p>Mini haljina, unikat, zavodljiva, kupa\u0107i kostim, retro izgled, ru\u010dni rad, heklana i Richelieu, ne\u0161to posebno za vru\u0107e no\u0107i na pla\u017ei iu va\u0161oj ljetnoj garderobi<\/p>","protected":false},"excerpt":{"rendered":"<p>Pamuk 80%, 20% viskoza, pranje na 40\u00b0C<\/p>","protected":false},"featured_media":5572,"comment_status":"open","ping_status":"closed","template":"","meta":[],"product_brand":[],"product_cat":[71],"product_tag":[111,329,106],"class_list":{"0":"post-5274","1":"product","2":"type-product","3":"status-publish","4":"has-post-thumbnail","6":"product_cat-minikleid","7":"product_tag-citymode","8":"product_tag-tunika-minikleid","9":"product_tag-unikat","11":"first","12":"instock","13":"sale","14":"taxable","15":"shipping-taxable","16":"purchasable","17":"product-type-simple"},"_links":{"self":[{"href":"https:\/\/stanijamaricic.com\/sr\/wp-json\/wp\/v2\/product\/5274","targetHints":{"allow":["GET"]}}],"collection":[{"href":"https:\/\/stanijamaricic.com\/sr\/wp-json\/wp\/v2\/product"}],"about":[{"href":"https:\/\/stanijamaricic.com\/sr\/wp-json\/wp\/v2\/types\/product"}],"replies":[{"embeddable":true,"href":"https:\/\/stanijamaricic.com\/sr\/wp-json\/wp\/v2\/comments?post=5274"}],"wp:featuredmedia":[{"embeddable":true,"href":"https:\/\/stanijamaricic.com\/sr\/wp-json\/wp\/v2\/media\/5572"}],"wp:attachment":[{"href":"https:\/\/stanijamaricic.com\/sr\/wp-json\/wp\/v2\/media?parent=5274"}],"wp:term":[{"taxonomy":"product_brand","embeddable":true,"href":"https:\/\/stanijamaricic.com\/sr\/wp-json\/wp\/v2\/product_brand?post=5274"},{"taxonomy":"product_cat","embeddable":true,"href":"https:\/\/stanijamaricic.com\/sr\/wp-json\/wp\/v2\/product_cat?post=5274"},{"taxonomy":"product_tag","embeddable":true,"href":"https:\/\/stanijamaricic.com\/sr\/wp-json\/wp\/v2\/product_tag?post=5274"}],"curies":[{"name":"wp","href":"https:\/\/api.w.org\/{rel}","templated":true}]}}