{"id":5278,"date":"2022-04-10T20:57:32","date_gmt":"2022-04-10T20:57:32","guid":{"rendered":"https:\/\/stanijamaricic.com\/?post_type=product&#038;p=5278"},"modified":"2023-02-26T11:17:04","modified_gmt":"2023-02-26T11:17:04","slug":"stephanie","status":"publish","type":"product","link":"https:\/\/stanijamaricic.com\/sr\/shop\/stephanie\/","title":{"rendered":"Stephanie"},"content":{"rendered":"<p>Minikleid, Einzelst\u00fcck, gemacht aus Schweizerspitze und Geh\u00e4kelt, In diesem  wundersch\u00f6nen Kleid werden Sie garantiert im Mittelpunkt stehen.<\/p>","protected":false},"excerpt":{"rendered":"<p>Pamuk 60%, akril 40%, ru\u010dno pranje<\/p>","protected":false},"featured_media":5562,"comment_status":"open","ping_status":"closed","template":"","meta":[],"product_brand":[],"product_cat":[71],"product_tag":[104,301,371],"class_list":{"0":"post-5278","1":"product","2":"type-product","3":"status-publish","4":"has-post-thumbnail","6":"product_cat-minikleid","7":"product_tag-gehakelt","8":"product_tag-minikleid","9":"product_tag-schweizerspitze","11":"first","12":"instock","13":"sale","14":"taxable","15":"shipping-taxable","16":"purchasable","17":"product-type-simple"},"_links":{"self":[{"href":"https:\/\/stanijamaricic.com\/sr\/wp-json\/wp\/v2\/product\/5278","targetHints":{"allow":["GET"]}}],"collection":[{"href":"https:\/\/stanijamaricic.com\/sr\/wp-json\/wp\/v2\/product"}],"about":[{"href":"https:\/\/stanijamaricic.com\/sr\/wp-json\/wp\/v2\/types\/product"}],"replies":[{"embeddable":true,"href":"https:\/\/stanijamaricic.com\/sr\/wp-json\/wp\/v2\/comments?post=5278"}],"wp:featuredmedia":[{"embeddable":true,"href":"https:\/\/stanijamaricic.com\/sr\/wp-json\/wp\/v2\/media\/5562"}],"wp:attachment":[{"href":"https:\/\/stanijamaricic.com\/sr\/wp-json\/wp\/v2\/media?parent=5278"}],"wp:term":[{"taxonomy":"product_brand","embeddable":true,"href":"https:\/\/stanijamaricic.com\/sr\/wp-json\/wp\/v2\/product_brand?post=5278"},{"taxonomy":"product_cat","embeddable":true,"href":"https:\/\/stanijamaricic.com\/sr\/wp-json\/wp\/v2\/product_cat?post=5278"},{"taxonomy":"product_tag","embeddable":true,"href":"https:\/\/stanijamaricic.com\/sr\/wp-json\/wp\/v2\/product_tag?post=5278"}],"curies":[{"name":"wp","href":"https:\/\/api.w.org\/{rel}","templated":true}]}}