{"id":5282,"date":"2022-04-10T20:57:33","date_gmt":"2022-04-10T20:57:33","guid":{"rendered":"https:\/\/stanijamaricic.com\/?post_type=product&#038;p=5282"},"modified":"2023-02-25T19:55:27","modified_gmt":"2023-02-25T19:55:27","slug":"heidi-4","status":"publish","type":"product","link":"https:\/\/stanijamaricic.com\/sr\/shop\/heidi-4\/","title":{"rendered":"Heidi"},"content":{"rendered":"<p>Tunika\/mini haljina, kupa\u0107i kostim, vjen\u010danje na pla\u017ei, vintage look, ru\u010dni rad, heklano u kombinaciji sa tkaninom, unikat, poseban komad odje\u0107e u va\u0161em ormaru<\/p>","protected":false},"excerpt":{"rendered":"<p>Pamuk 100% Perivo u perilici rublja na 60\u00b0C<\/p>","protected":false},"featured_media":5550,"comment_status":"open","ping_status":"closed","template":"","meta":[],"product_brand":[],"product_cat":[69],"product_tag":[104,103,135],"class_list":{"0":"post-5282","1":"product","2":"type-product","3":"status-publish","4":"has-post-thumbnail","6":"product_cat-tunika","7":"product_tag-gehakelt","8":"product_tag-tunika","9":"product_tag-vintage-look","11":"first","12":"instock","13":"sale","14":"taxable","15":"shipping-taxable","16":"purchasable","17":"product-type-simple"},"_links":{"self":[{"href":"https:\/\/stanijamaricic.com\/sr\/wp-json\/wp\/v2\/product\/5282","targetHints":{"allow":["GET"]}}],"collection":[{"href":"https:\/\/stanijamaricic.com\/sr\/wp-json\/wp\/v2\/product"}],"about":[{"href":"https:\/\/stanijamaricic.com\/sr\/wp-json\/wp\/v2\/types\/product"}],"replies":[{"embeddable":true,"href":"https:\/\/stanijamaricic.com\/sr\/wp-json\/wp\/v2\/comments?post=5282"}],"wp:featuredmedia":[{"embeddable":true,"href":"https:\/\/stanijamaricic.com\/sr\/wp-json\/wp\/v2\/media\/5550"}],"wp:attachment":[{"href":"https:\/\/stanijamaricic.com\/sr\/wp-json\/wp\/v2\/media?parent=5282"}],"wp:term":[{"taxonomy":"product_brand","embeddable":true,"href":"https:\/\/stanijamaricic.com\/sr\/wp-json\/wp\/v2\/product_brand?post=5282"},{"taxonomy":"product_cat","embeddable":true,"href":"https:\/\/stanijamaricic.com\/sr\/wp-json\/wp\/v2\/product_cat?post=5282"},{"taxonomy":"product_tag","embeddable":true,"href":"https:\/\/stanijamaricic.com\/sr\/wp-json\/wp\/v2\/product_tag?post=5282"}],"curies":[{"name":"wp","href":"https:\/\/api.w.org\/{rel}","templated":true}]}}