{"id":5286,"date":"2022-04-10T20:57:33","date_gmt":"2022-04-10T20:57:33","guid":{"rendered":"https:\/\/stanijamaricic.com\/?post_type=product&#038;p=5286"},"modified":"2023-02-25T19:53:56","modified_gmt":"2023-02-25T19:53:56","slug":"donna","status":"publish","type":"product","link":"https:\/\/stanijamaricic.com\/sr\/shop\/donna\/","title":{"rendered":"donna"},"content":{"rendered":"<p>Tunika \/ Minikleid, Bademode, Boho-Style, Handgef\u00e4rtigt: geh\u00e4kelt und mit Richelieutechnik, Kleid f\u00fcr Strandhochzeit, In diesem wunderschenen Kleid stehst du garantiert in Mittelpunkt.<\/p>","protected":false},"excerpt":{"rendered":"<p>Cotton 100%, Maschinenw\u00e4sche bei 40\u00b0C<\/p>","protected":false},"featured_media":5543,"comment_status":"open","ping_status":"closed","template":"","meta":[],"product_brand":[],"product_cat":[71],"product_tag":[104,374,103,106],"class_list":{"0":"post-5286","1":"product","2":"type-product","3":"status-publish","4":"has-post-thumbnail","6":"product_cat-minikleid","7":"product_tag-gehakelt","8":"product_tag-strandmode","9":"product_tag-tunika","10":"product_tag-unikat","12":"first","13":"instock","14":"sale","15":"taxable","16":"shipping-taxable","17":"purchasable","18":"product-type-simple"},"_links":{"self":[{"href":"https:\/\/stanijamaricic.com\/sr\/wp-json\/wp\/v2\/product\/5286","targetHints":{"allow":["GET"]}}],"collection":[{"href":"https:\/\/stanijamaricic.com\/sr\/wp-json\/wp\/v2\/product"}],"about":[{"href":"https:\/\/stanijamaricic.com\/sr\/wp-json\/wp\/v2\/types\/product"}],"replies":[{"embeddable":true,"href":"https:\/\/stanijamaricic.com\/sr\/wp-json\/wp\/v2\/comments?post=5286"}],"wp:featuredmedia":[{"embeddable":true,"href":"https:\/\/stanijamaricic.com\/sr\/wp-json\/wp\/v2\/media\/5543"}],"wp:attachment":[{"href":"https:\/\/stanijamaricic.com\/sr\/wp-json\/wp\/v2\/media?parent=5286"}],"wp:term":[{"taxonomy":"product_brand","embeddable":true,"href":"https:\/\/stanijamaricic.com\/sr\/wp-json\/wp\/v2\/product_brand?post=5286"},{"taxonomy":"product_cat","embeddable":true,"href":"https:\/\/stanijamaricic.com\/sr\/wp-json\/wp\/v2\/product_cat?post=5286"},{"taxonomy":"product_tag","embeddable":true,"href":"https:\/\/stanijamaricic.com\/sr\/wp-json\/wp\/v2\/product_tag?post=5286"}],"curies":[{"name":"wp","href":"https:\/\/api.w.org\/{rel}","templated":true}]}}