{"id":5287,"date":"2022-04-10T20:57:33","date_gmt":"2022-04-10T20:57:33","guid":{"rendered":"https:\/\/stanijamaricic.com\/?post_type=product&#038;p=5287"},"modified":"2023-02-26T11:09:30","modified_gmt":"2023-02-26T11:09:30","slug":"georgina","status":"publish","type":"product","link":"https:\/\/stanijamaricic.com\/sr\/shop\/georgina\/","title":{"rendered":"Georgina"},"content":{"rendered":"<p>Tunika\/mini haljina, unikat, prekrasna haljina za vjen\u010danje na pla\u017ei, kupa\u0107i kostimi<\/p>","protected":false},"excerpt":{"rendered":"<p>Pamuk 100%, pranje u perilici na 40\u00b0C<\/p>","protected":false},"featured_media":5539,"comment_status":"open","ping_status":"closed","template":"","meta":[],"product_brand":[],"product_cat":[71],"product_tag":[109,104,103,106],"class_list":{"0":"post-5287","1":"product","2":"type-product","3":"status-publish","4":"has-post-thumbnail","6":"product_cat-minikleid","7":"product_tag-bademode","8":"product_tag-gehakelt","9":"product_tag-tunika","10":"product_tag-unikat","12":"first","13":"instock","14":"sale","15":"taxable","16":"shipping-taxable","17":"purchasable","18":"product-type-simple"},"_links":{"self":[{"href":"https:\/\/stanijamaricic.com\/sr\/wp-json\/wp\/v2\/product\/5287","targetHints":{"allow":["GET"]}}],"collection":[{"href":"https:\/\/stanijamaricic.com\/sr\/wp-json\/wp\/v2\/product"}],"about":[{"href":"https:\/\/stanijamaricic.com\/sr\/wp-json\/wp\/v2\/types\/product"}],"replies":[{"embeddable":true,"href":"https:\/\/stanijamaricic.com\/sr\/wp-json\/wp\/v2\/comments?post=5287"}],"wp:featuredmedia":[{"embeddable":true,"href":"https:\/\/stanijamaricic.com\/sr\/wp-json\/wp\/v2\/media\/5539"}],"wp:attachment":[{"href":"https:\/\/stanijamaricic.com\/sr\/wp-json\/wp\/v2\/media?parent=5287"}],"wp:term":[{"taxonomy":"product_brand","embeddable":true,"href":"https:\/\/stanijamaricic.com\/sr\/wp-json\/wp\/v2\/product_brand?post=5287"},{"taxonomy":"product_cat","embeddable":true,"href":"https:\/\/stanijamaricic.com\/sr\/wp-json\/wp\/v2\/product_cat?post=5287"},{"taxonomy":"product_tag","embeddable":true,"href":"https:\/\/stanijamaricic.com\/sr\/wp-json\/wp\/v2\/product_tag?post=5287"}],"curies":[{"name":"wp","href":"https:\/\/api.w.org\/{rel}","templated":true}]}}