{"id":5292,"date":"2022-04-10T20:57:34","date_gmt":"2022-04-10T20:57:34","guid":{"rendered":"https:\/\/stanijamaricic.com\/?post_type=product&#038;p=5292"},"modified":"2023-02-25T19:43:50","modified_gmt":"2023-02-25T19:43:50","slug":"eli","status":"publish","type":"product","link":"https:\/\/stanijamaricic.com\/sr\/shop\/eli\/","title":{"rendered":"Eli"},"content":{"rendered":"<p>Tunika \/ Minikleid, Einzelst\u00fcck, Strandhochzeit, Bademode, Handarbeit mit aufw\u00e4ndigen Arbeitstechniken: Makramee, H\u00e4keln, Vintage-Look, I diesem wundersch\u00f6nen Kleid stehst du garantiert im Mittelpunkt.<\/p>","protected":false},"excerpt":{"rendered":"<p>Pamuk 100%, pranje u perilici na 30\u00b0C<\/p>","protected":false},"featured_media":5501,"comment_status":"open","ping_status":"closed","template":"","meta":[],"product_brand":[],"product_cat":[71],"product_tag":[376,244,301,113],"class_list":{"0":"post-5292","1":"product","2":"type-product","3":"status-publish","4":"has-post-thumbnail","6":"product_cat-minikleid","7":"product_tag-hekaeln","8":"product_tag-macrame","9":"product_tag-minikleid","10":"product_tag-perlen","12":"first","13":"instock","14":"sale","15":"taxable","16":"shipping-taxable","17":"purchasable","18":"product-type-simple"},"_links":{"self":[{"href":"https:\/\/stanijamaricic.com\/sr\/wp-json\/wp\/v2\/product\/5292","targetHints":{"allow":["GET"]}}],"collection":[{"href":"https:\/\/stanijamaricic.com\/sr\/wp-json\/wp\/v2\/product"}],"about":[{"href":"https:\/\/stanijamaricic.com\/sr\/wp-json\/wp\/v2\/types\/product"}],"replies":[{"embeddable":true,"href":"https:\/\/stanijamaricic.com\/sr\/wp-json\/wp\/v2\/comments?post=5292"}],"wp:featuredmedia":[{"embeddable":true,"href":"https:\/\/stanijamaricic.com\/sr\/wp-json\/wp\/v2\/media\/5501"}],"wp:attachment":[{"href":"https:\/\/stanijamaricic.com\/sr\/wp-json\/wp\/v2\/media?parent=5292"}],"wp:term":[{"taxonomy":"product_brand","embeddable":true,"href":"https:\/\/stanijamaricic.com\/sr\/wp-json\/wp\/v2\/product_brand?post=5292"},{"taxonomy":"product_cat","embeddable":true,"href":"https:\/\/stanijamaricic.com\/sr\/wp-json\/wp\/v2\/product_cat?post=5292"},{"taxonomy":"product_tag","embeddable":true,"href":"https:\/\/stanijamaricic.com\/sr\/wp-json\/wp\/v2\/product_tag?post=5292"}],"curies":[{"name":"wp","href":"https:\/\/api.w.org\/{rel}","templated":true}]}}