{"id":5293,"date":"2022-04-10T20:57:34","date_gmt":"2022-04-10T20:57:34","guid":{"rendered":"https:\/\/stanijamaricic.com\/?post_type=product&#038;p=5293"},"modified":"2023-04-18T09:24:14","modified_gmt":"2023-04-18T09:24:14","slug":"gisele","status":"publish","type":"product","link":"https:\/\/stanijamaricic.com\/sr\/shop\/gisele\/","title":{"rendered":"Gisele"},"content":{"rendered":"<p>Tunika,Minikleid, Einzelst\u00fcck, Verf\u00fchrerisch,Geh\u00e4kelt &#038; Macram\u00e9 Bademode. Mit diesem verf\u00fchrerischen Kleid werden Sie ihn bestimmt verf\u00fchren<\/p>","protected":false},"excerpt":{"rendered":"<p>100% poliamid, perivo u perilici na 20\u00b0C<\/p>","protected":false},"featured_media":5498,"comment_status":"open","ping_status":"closed","template":"","meta":[],"product_brand":[],"product_cat":[71],"product_tag":[113,164,103,210],"class_list":{"0":"post-5293","1":"product","2":"type-product","3":"status-publish","4":"has-post-thumbnail","6":"product_cat-minikleid","7":"product_tag-perlen","8":"product_tag-transparent","9":"product_tag-tunika","10":"product_tag-verfuehrerisch","12":"first","13":"instock","14":"sale","15":"taxable","16":"shipping-taxable","17":"purchasable","18":"product-type-simple"},"_links":{"self":[{"href":"https:\/\/stanijamaricic.com\/sr\/wp-json\/wp\/v2\/product\/5293","targetHints":{"allow":["GET"]}}],"collection":[{"href":"https:\/\/stanijamaricic.com\/sr\/wp-json\/wp\/v2\/product"}],"about":[{"href":"https:\/\/stanijamaricic.com\/sr\/wp-json\/wp\/v2\/types\/product"}],"replies":[{"embeddable":true,"href":"https:\/\/stanijamaricic.com\/sr\/wp-json\/wp\/v2\/comments?post=5293"}],"wp:featuredmedia":[{"embeddable":true,"href":"https:\/\/stanijamaricic.com\/sr\/wp-json\/wp\/v2\/media\/5498"}],"wp:attachment":[{"href":"https:\/\/stanijamaricic.com\/sr\/wp-json\/wp\/v2\/media?parent=5293"}],"wp:term":[{"taxonomy":"product_brand","embeddable":true,"href":"https:\/\/stanijamaricic.com\/sr\/wp-json\/wp\/v2\/product_brand?post=5293"},{"taxonomy":"product_cat","embeddable":true,"href":"https:\/\/stanijamaricic.com\/sr\/wp-json\/wp\/v2\/product_cat?post=5293"},{"taxonomy":"product_tag","embeddable":true,"href":"https:\/\/stanijamaricic.com\/sr\/wp-json\/wp\/v2\/product_tag?post=5293"}],"curies":[{"name":"wp","href":"https:\/\/api.w.org\/{rel}","templated":true}]}}