{"id":5298,"date":"2022-04-10T20:57:34","date_gmt":"2022-04-10T20:57:34","guid":{"rendered":"https:\/\/stanijamaricic.com\/?post_type=product&#038;p=5298"},"modified":"2023-02-25T19:46:10","modified_gmt":"2023-02-25T19:46:10","slug":"kelli","status":"publish","type":"product","link":"https:\/\/stanijamaricic.com\/sr\/shop\/kelli\/","title":{"rendered":"Kelli"},"content":{"rendered":"<p>Tunika\/mini haljina, unikat, kombinacija ru\u010dni rad. \u0160tof i heklana \u010dipka, boho izgled<\/p>","protected":false},"excerpt":{"rendered":"<p>80%pamuk,20%Poliamid, pranje na 40\u00b0C<\/p>","protected":false},"featured_media":5483,"comment_status":"open","ping_status":"closed","template":"","meta":[],"product_brand":[],"product_cat":[71],"product_tag":[109,104,301],"class_list":{"0":"post-5298","1":"product","2":"type-product","3":"status-publish","4":"has-post-thumbnail","6":"product_cat-minikleid","7":"product_tag-bademode","8":"product_tag-gehakelt","9":"product_tag-minikleid","11":"first","12":"instock","13":"sale","14":"taxable","15":"shipping-taxable","16":"purchasable","17":"product-type-simple"},"_links":{"self":[{"href":"https:\/\/stanijamaricic.com\/sr\/wp-json\/wp\/v2\/product\/5298","targetHints":{"allow":["GET"]}}],"collection":[{"href":"https:\/\/stanijamaricic.com\/sr\/wp-json\/wp\/v2\/product"}],"about":[{"href":"https:\/\/stanijamaricic.com\/sr\/wp-json\/wp\/v2\/types\/product"}],"replies":[{"embeddable":true,"href":"https:\/\/stanijamaricic.com\/sr\/wp-json\/wp\/v2\/comments?post=5298"}],"wp:featuredmedia":[{"embeddable":true,"href":"https:\/\/stanijamaricic.com\/sr\/wp-json\/wp\/v2\/media\/5483"}],"wp:attachment":[{"href":"https:\/\/stanijamaricic.com\/sr\/wp-json\/wp\/v2\/media?parent=5298"}],"wp:term":[{"taxonomy":"product_brand","embeddable":true,"href":"https:\/\/stanijamaricic.com\/sr\/wp-json\/wp\/v2\/product_brand?post=5298"},{"taxonomy":"product_cat","embeddable":true,"href":"https:\/\/stanijamaricic.com\/sr\/wp-json\/wp\/v2\/product_cat?post=5298"},{"taxonomy":"product_tag","embeddable":true,"href":"https:\/\/stanijamaricic.com\/sr\/wp-json\/wp\/v2\/product_tag?post=5298"}],"curies":[{"name":"wp","href":"https:\/\/api.w.org\/{rel}","templated":true}]}}