{"id":5300,"date":"2022-04-10T20:57:34","date_gmt":"2022-04-10T20:57:34","guid":{"rendered":"https:\/\/stanijamaricic.com\/?post_type=product&#038;p=5300"},"modified":"2023-02-25T19:27:52","modified_gmt":"2023-02-25T19:27:52","slug":"serena","status":"publish","type":"product","link":"https:\/\/stanijamaricic.com\/sr\/shop\/serena\/","title":{"rendered":"serena"},"content":{"rendered":"<p>Tunika\/Minikleid, Einzelst\u00fcck ,Handarbeit kombi. Stoff und geh\u00e4kelt und Makramee Spitze, Willst du deinen Schatz verf\u00fchren? Mit diesem Kleid ist der Erfolg garantiert.<\/p>","protected":false},"excerpt":{"rendered":"<p>Pamuk 64%, viskoza 36% Pranje na 20\u00b0C<\/p>","protected":false},"featured_media":5478,"comment_status":"open","ping_status":"closed","template":"","meta":[],"product_brand":[],"product_cat":[71],"product_tag":[375,103,135],"class_list":{"0":"post-5300","1":"product","2":"type-product","3":"status-publish","4":"has-post-thumbnail","6":"product_cat-minikleid","7":"product_tag-strandkleid","8":"product_tag-tunika","9":"product_tag-vintage-look","11":"first","12":"instock","13":"sale","14":"taxable","15":"shipping-taxable","16":"purchasable","17":"product-type-simple"},"_links":{"self":[{"href":"https:\/\/stanijamaricic.com\/sr\/wp-json\/wp\/v2\/product\/5300","targetHints":{"allow":["GET"]}}],"collection":[{"href":"https:\/\/stanijamaricic.com\/sr\/wp-json\/wp\/v2\/product"}],"about":[{"href":"https:\/\/stanijamaricic.com\/sr\/wp-json\/wp\/v2\/types\/product"}],"replies":[{"embeddable":true,"href":"https:\/\/stanijamaricic.com\/sr\/wp-json\/wp\/v2\/comments?post=5300"}],"wp:featuredmedia":[{"embeddable":true,"href":"https:\/\/stanijamaricic.com\/sr\/wp-json\/wp\/v2\/media\/5478"}],"wp:attachment":[{"href":"https:\/\/stanijamaricic.com\/sr\/wp-json\/wp\/v2\/media?parent=5300"}],"wp:term":[{"taxonomy":"product_brand","embeddable":true,"href":"https:\/\/stanijamaricic.com\/sr\/wp-json\/wp\/v2\/product_brand?post=5300"},{"taxonomy":"product_cat","embeddable":true,"href":"https:\/\/stanijamaricic.com\/sr\/wp-json\/wp\/v2\/product_cat?post=5300"},{"taxonomy":"product_tag","embeddable":true,"href":"https:\/\/stanijamaricic.com\/sr\/wp-json\/wp\/v2\/product_tag?post=5300"}],"curies":[{"name":"wp","href":"https:\/\/api.w.org\/{rel}","templated":true}]}}