{"id":5334,"date":"2022-04-10T20:57:37","date_gmt":"2022-04-10T20:57:37","guid":{"rendered":"https:\/\/stanijamaricic.com\/?post_type=product&#038;p=5334"},"modified":"2023-02-25T14:52:37","modified_gmt":"2023-02-25T14:52:37","slug":"serenity","status":"publish","type":"product","link":"https:\/\/stanijamaricic.com\/sr\/shop\/serenity\/","title":{"rendered":"Spokoj"},"content":{"rendered":"<p>Ein zauberhafter Look, Feminin, Verspielt, Verf\u00fchrerisch, Boho-Look, geh\u00e4kelte Tunika, Einzelst\u00fcck<\/p>","protected":false},"excerpt":{"rendered":"<p>Cotton 74%,26 Viscose, Handw\u00e4sche<\/p>","protected":false},"featured_media":5392,"comment_status":"open","ping_status":"closed","template":"","meta":[],"product_brand":[],"product_cat":[69],"product_tag":[386,103,135],"class_list":{"0":"post-5334","1":"product","2":"type-product","3":"status-publish","4":"has-post-thumbnail","6":"product_cat-tunika","7":"product_tag-gehaekelte-macrame","8":"product_tag-tunika","9":"product_tag-vintage-look","11":"first","12":"instock","13":"sale","14":"taxable","15":"shipping-taxable","16":"purchasable","17":"product-type-simple"},"_links":{"self":[{"href":"https:\/\/stanijamaricic.com\/sr\/wp-json\/wp\/v2\/product\/5334","targetHints":{"allow":["GET"]}}],"collection":[{"href":"https:\/\/stanijamaricic.com\/sr\/wp-json\/wp\/v2\/product"}],"about":[{"href":"https:\/\/stanijamaricic.com\/sr\/wp-json\/wp\/v2\/types\/product"}],"replies":[{"embeddable":true,"href":"https:\/\/stanijamaricic.com\/sr\/wp-json\/wp\/v2\/comments?post=5334"}],"wp:featuredmedia":[{"embeddable":true,"href":"https:\/\/stanijamaricic.com\/sr\/wp-json\/wp\/v2\/media\/5392"}],"wp:attachment":[{"href":"https:\/\/stanijamaricic.com\/sr\/wp-json\/wp\/v2\/media?parent=5334"}],"wp:term":[{"taxonomy":"product_brand","embeddable":true,"href":"https:\/\/stanijamaricic.com\/sr\/wp-json\/wp\/v2\/product_brand?post=5334"},{"taxonomy":"product_cat","embeddable":true,"href":"https:\/\/stanijamaricic.com\/sr\/wp-json\/wp\/v2\/product_cat?post=5334"},{"taxonomy":"product_tag","embeddable":true,"href":"https:\/\/stanijamaricic.com\/sr\/wp-json\/wp\/v2\/product_tag?post=5334"}],"curies":[{"name":"wp","href":"https:\/\/api.w.org\/{rel}","templated":true}]}}