{"id":5891,"date":"2022-04-25T18:04:41","date_gmt":"2022-04-25T18:04:41","guid":{"rendered":"https:\/\/stanijamaricic.com\/?post_type=product&#038;p=5891"},"modified":"2023-02-25T08:02:46","modified_gmt":"2023-02-25T08:02:46","slug":"rebekka","status":"publish","type":"product","link":"https:\/\/stanijamaricic.com\/sr\/shop\/rebekka\/","title":{"rendered":"Rebeka"},"content":{"rendered":"<p>Geh\u00e4kelte Jacke, Feminin, Verspielt, Verf\u00fchrerisch, Einzelst\u00fcck, Handarbeit<\/p>","protected":false},"excerpt":{"rendered":"<p>Pamuk 60%, akril 40%, pranje na 20\u00b0C<\/p>","protected":false},"featured_media":6095,"comment_status":"open","ping_status":"closed","template":"","meta":[],"product_brand":[],"product_cat":[77],"product_tag":[104,213,106,280],"class_list":{"0":"post-5891","1":"product","2":"type-product","3":"status-publish","4":"has-post-thumbnail","6":"product_cat-mantel","7":"product_tag-gehakelt","8":"product_tag-mantel","9":"product_tag-unikat","10":"product_tag-vintage-stil","12":"first","13":"instock","14":"sale","15":"taxable","16":"shipping-taxable","17":"purchasable","18":"product-type-simple"},"_links":{"self":[{"href":"https:\/\/stanijamaricic.com\/sr\/wp-json\/wp\/v2\/product\/5891","targetHints":{"allow":["GET"]}}],"collection":[{"href":"https:\/\/stanijamaricic.com\/sr\/wp-json\/wp\/v2\/product"}],"about":[{"href":"https:\/\/stanijamaricic.com\/sr\/wp-json\/wp\/v2\/types\/product"}],"replies":[{"embeddable":true,"href":"https:\/\/stanijamaricic.com\/sr\/wp-json\/wp\/v2\/comments?post=5891"}],"wp:featuredmedia":[{"embeddable":true,"href":"https:\/\/stanijamaricic.com\/sr\/wp-json\/wp\/v2\/media\/6095"}],"wp:attachment":[{"href":"https:\/\/stanijamaricic.com\/sr\/wp-json\/wp\/v2\/media?parent=5891"}],"wp:term":[{"taxonomy":"product_brand","embeddable":true,"href":"https:\/\/stanijamaricic.com\/sr\/wp-json\/wp\/v2\/product_brand?post=5891"},{"taxonomy":"product_cat","embeddable":true,"href":"https:\/\/stanijamaricic.com\/sr\/wp-json\/wp\/v2\/product_cat?post=5891"},{"taxonomy":"product_tag","embeddable":true,"href":"https:\/\/stanijamaricic.com\/sr\/wp-json\/wp\/v2\/product_tag?post=5891"}],"curies":[{"name":"wp","href":"https:\/\/api.w.org\/{rel}","templated":true}]}}