{"id":5909,"date":"2022-04-25T18:04:43","date_gmt":"2022-04-25T18:04:43","guid":{"rendered":"https:\/\/stanijamaricic.com\/?post_type=product&#038;p=5909"},"modified":"2023-04-17T18:31:11","modified_gmt":"2023-04-17T18:31:11","slug":"leopoldine","status":"publish","type":"product","link":"https:\/\/stanijamaricic.com\/sr\/shop\/leopoldine\/","title":{"rendered":"Leopoldina"},"content":{"rendered":"<p>Romanti\u010dna heklana jakna, u ovom modelu \u0107ete privla\u010diti pa\u017enju, unikat, vintage izgled, ru\u010dni rad, sa biserima<\/p>","protected":false},"excerpt":{"rendered":"<p>Pamuk 78%, viskoza 22%, pranje na 30\u00b0C<\/p>","protected":false},"featured_media":6627,"comment_status":"open","ping_status":"closed","template":"","meta":[],"product_brand":[],"product_cat":[76],"product_tag":[278,283,123,106],"class_list":{"0":"post-5909","1":"product","2":"type-product","3":"status-publish","4":"has-post-thumbnail","6":"product_cat-jacke","7":"product_tag-jacke-gehaekelte","8":"product_tag-perle","9":"product_tag-romantisch","10":"product_tag-unikat","12":"first","13":"instock","14":"sale","15":"taxable","16":"shipping-taxable","17":"purchasable","18":"product-type-simple"},"_links":{"self":[{"href":"https:\/\/stanijamaricic.com\/sr\/wp-json\/wp\/v2\/product\/5909","targetHints":{"allow":["GET"]}}],"collection":[{"href":"https:\/\/stanijamaricic.com\/sr\/wp-json\/wp\/v2\/product"}],"about":[{"href":"https:\/\/stanijamaricic.com\/sr\/wp-json\/wp\/v2\/types\/product"}],"replies":[{"embeddable":true,"href":"https:\/\/stanijamaricic.com\/sr\/wp-json\/wp\/v2\/comments?post=5909"}],"wp:featuredmedia":[{"embeddable":true,"href":"https:\/\/stanijamaricic.com\/sr\/wp-json\/wp\/v2\/media\/6627"}],"wp:attachment":[{"href":"https:\/\/stanijamaricic.com\/sr\/wp-json\/wp\/v2\/media?parent=5909"}],"wp:term":[{"taxonomy":"product_brand","embeddable":true,"href":"https:\/\/stanijamaricic.com\/sr\/wp-json\/wp\/v2\/product_brand?post=5909"},{"taxonomy":"product_cat","embeddable":true,"href":"https:\/\/stanijamaricic.com\/sr\/wp-json\/wp\/v2\/product_cat?post=5909"},{"taxonomy":"product_tag","embeddable":true,"href":"https:\/\/stanijamaricic.com\/sr\/wp-json\/wp\/v2\/product_tag?post=5909"}],"curies":[{"name":"wp","href":"https:\/\/api.w.org\/{rel}","templated":true}]}}