{"id":5930,"date":"2022-04-25T18:04:45","date_gmt":"2022-04-25T18:04:45","guid":{"rendered":"https:\/\/stanijamaricic.com\/?post_type=product&#038;p=5930"},"modified":"2023-04-17T17:49:59","modified_gmt":"2023-04-17T17:49:59","slug":"leonore","status":"publish","type":"product","link":"https:\/\/stanijamaricic.com\/sr\/shop\/leonore\/","title":{"rendered":"Leonore"},"content":{"rendered":"<p>Jakna za posebne doga\u0111aje, obe\u0107ava \u017eenstveni glamur, heklana, unikatan komad, ru\u010dni rad<\/p>","protected":false},"excerpt":{"rendered":"<p>Viskoza 78%, Pamuk 22%, pranje na 30\u00b0C<\/p>","protected":false},"featured_media":6399,"comment_status":"open","ping_status":"closed","template":"","meta":[],"product_brand":[],"product_cat":[76],"product_tag":[278,123,106],"class_list":{"0":"post-5930","1":"product","2":"type-product","3":"status-publish","4":"has-post-thumbnail","6":"product_cat-jacke","7":"product_tag-jacke-gehaekelte","8":"product_tag-romantisch","9":"product_tag-unikat","11":"first","12":"instock","13":"sale","14":"virtual","15":"taxable","16":"purchasable","17":"product-type-simple"},"_links":{"self":[{"href":"https:\/\/stanijamaricic.com\/sr\/wp-json\/wp\/v2\/product\/5930","targetHints":{"allow":["GET"]}}],"collection":[{"href":"https:\/\/stanijamaricic.com\/sr\/wp-json\/wp\/v2\/product"}],"about":[{"href":"https:\/\/stanijamaricic.com\/sr\/wp-json\/wp\/v2\/types\/product"}],"replies":[{"embeddable":true,"href":"https:\/\/stanijamaricic.com\/sr\/wp-json\/wp\/v2\/comments?post=5930"}],"wp:featuredmedia":[{"embeddable":true,"href":"https:\/\/stanijamaricic.com\/sr\/wp-json\/wp\/v2\/media\/6399"}],"wp:attachment":[{"href":"https:\/\/stanijamaricic.com\/sr\/wp-json\/wp\/v2\/media?parent=5930"}],"wp:term":[{"taxonomy":"product_brand","embeddable":true,"href":"https:\/\/stanijamaricic.com\/sr\/wp-json\/wp\/v2\/product_brand?post=5930"},{"taxonomy":"product_cat","embeddable":true,"href":"https:\/\/stanijamaricic.com\/sr\/wp-json\/wp\/v2\/product_cat?post=5930"},{"taxonomy":"product_tag","embeddable":true,"href":"https:\/\/stanijamaricic.com\/sr\/wp-json\/wp\/v2\/product_tag?post=5930"}],"curies":[{"name":"wp","href":"https:\/\/api.w.org\/{rel}","templated":true}]}}