{"id":5937,"date":"2022-04-25T18:04:45","date_gmt":"2022-04-25T18:04:45","guid":{"rendered":"https:\/\/stanijamaricic.com\/?post_type=product&#038;p=5937"},"modified":"2024-07-12T20:50:49","modified_gmt":"2024-07-12T20:50:49","slug":"marlene","status":"publish","type":"product","link":"https:\/\/stanijamaricic.com\/sr\/shop\/marlene\/","title":{"rendered":"marlene"},"content":{"rendered":"<p>Bit \u0107ete privla\u010dni za oko u ovom modelu, unikat, heklano perlama, boho stil, ru\u010dni rad, vlastita kreacija, heklana jakna, ljetna jakna,<\/p>","protected":false},"excerpt":{"rendered":"<p>Pamuk 60%, akril 40%, pranje na 20\u00b0C<\/p>","protected":false},"featured_media":6395,"comment_status":"open","ping_status":"closed","template":"","meta":[],"product_brand":[],"product_cat":[76],"product_tag":[104,269,123,106],"class_list":{"0":"post-5937","1":"product","2":"type-product","3":"status-publish","4":"has-post-thumbnail","6":"product_cat-jacke","7":"product_tag-gehakelt","8":"product_tag-jacke","9":"product_tag-romantisch","10":"product_tag-unikat","12":"first","13":"instock","14":"sale","15":"taxable","16":"shipping-taxable","17":"purchasable","18":"product-type-simple"},"_links":{"self":[{"href":"https:\/\/stanijamaricic.com\/sr\/wp-json\/wp\/v2\/product\/5937","targetHints":{"allow":["GET"]}}],"collection":[{"href":"https:\/\/stanijamaricic.com\/sr\/wp-json\/wp\/v2\/product"}],"about":[{"href":"https:\/\/stanijamaricic.com\/sr\/wp-json\/wp\/v2\/types\/product"}],"replies":[{"embeddable":true,"href":"https:\/\/stanijamaricic.com\/sr\/wp-json\/wp\/v2\/comments?post=5937"}],"wp:featuredmedia":[{"embeddable":true,"href":"https:\/\/stanijamaricic.com\/sr\/wp-json\/wp\/v2\/media\/6395"}],"wp:attachment":[{"href":"https:\/\/stanijamaricic.com\/sr\/wp-json\/wp\/v2\/media?parent=5937"}],"wp:term":[{"taxonomy":"product_brand","embeddable":true,"href":"https:\/\/stanijamaricic.com\/sr\/wp-json\/wp\/v2\/product_brand?post=5937"},{"taxonomy":"product_cat","embeddable":true,"href":"https:\/\/stanijamaricic.com\/sr\/wp-json\/wp\/v2\/product_cat?post=5937"},{"taxonomy":"product_tag","embeddable":true,"href":"https:\/\/stanijamaricic.com\/sr\/wp-json\/wp\/v2\/product_tag?post=5937"}],"curies":[{"name":"wp","href":"https:\/\/api.w.org\/{rel}","templated":true}]}}