{"id":6339,"date":"2022-05-04T19:47:12","date_gmt":"2022-05-04T19:47:12","guid":{"rendered":"https:\/\/stanijamaricic.com\/?post_type=product&#038;p=6339"},"modified":"2024-07-12T21:14:39","modified_gmt":"2024-07-12T21:14:39","slug":"joy","status":"publish","type":"product","link":"https:\/\/stanijamaricic.com\/sr\/shop\/joy\/","title":{"rendered":"Radost"},"content":{"rendered":"<p>Pleteni, pripijeni, romanti\u010dni, unikatni komad, boho look, ru\u010dni rad, pleteni d\u017eemper, ljetni d\u017eemper, kratki d\u017eemper<\/p>","protected":false},"excerpt":{"rendered":"<p>Pamuk 80%, akril, 20%C, pranje, 30\u00b0C<\/p>","protected":false},"featured_media":430,"comment_status":"open","ping_status":"closed","template":"","meta":[],"product_brand":[],"product_cat":[97],"product_tag":[111,115,114,106],"class_list":{"0":"post-6339","1":"product","2":"type-product","3":"status-publish","4":"has-post-thumbnail","6":"product_cat-pullover","7":"product_tag-citymode","8":"product_tag-gestrickt","9":"product_tag-pullover","10":"product_tag-unikat","12":"first","13":"instock","14":"sale","15":"taxable","16":"shipping-taxable","17":"purchasable","18":"product-type-simple"},"_links":{"self":[{"href":"https:\/\/stanijamaricic.com\/sr\/wp-json\/wp\/v2\/product\/6339","targetHints":{"allow":["GET"]}}],"collection":[{"href":"https:\/\/stanijamaricic.com\/sr\/wp-json\/wp\/v2\/product"}],"about":[{"href":"https:\/\/stanijamaricic.com\/sr\/wp-json\/wp\/v2\/types\/product"}],"replies":[{"embeddable":true,"href":"https:\/\/stanijamaricic.com\/sr\/wp-json\/wp\/v2\/comments?post=6339"}],"wp:featuredmedia":[{"embeddable":true,"href":"https:\/\/stanijamaricic.com\/sr\/wp-json\/wp\/v2\/media\/430"}],"wp:attachment":[{"href":"https:\/\/stanijamaricic.com\/sr\/wp-json\/wp\/v2\/media?parent=6339"}],"wp:term":[{"taxonomy":"product_brand","embeddable":true,"href":"https:\/\/stanijamaricic.com\/sr\/wp-json\/wp\/v2\/product_brand?post=6339"},{"taxonomy":"product_cat","embeddable":true,"href":"https:\/\/stanijamaricic.com\/sr\/wp-json\/wp\/v2\/product_cat?post=6339"},{"taxonomy":"product_tag","embeddable":true,"href":"https:\/\/stanijamaricic.com\/sr\/wp-json\/wp\/v2\/product_tag?post=6339"}],"curies":[{"name":"wp","href":"https:\/\/api.w.org\/{rel}","templated":true}]}}