{"id":813,"date":"2022-02-17T21:30:54","date_gmt":"2022-02-17T21:30:54","guid":{"rendered":"https:\/\/stanijamaricic.com\/?post_type=product&#038;p=813"},"modified":"2023-04-16T18:26:05","modified_gmt":"2023-04-16T18:26:05","slug":"jacqueli","status":"publish","type":"product","link":"https:\/\/stanijamaricic.com\/sr\/shop\/jacqueli\/","title":{"rendered":"Jacqueli"},"content":{"rendered":"<p>Savr\u0161en izgled za pla\u017eu, romanti\u010dan, neodoljivi ste uz ovaj zavodljivi bikini, boho look<\/p>","protected":false},"excerpt":{"rendered":"<p>Poliakril 84%, Pamuk 10%, Elastan 6%, 30\u00b0C<\/p>","protected":false},"featured_media":4722,"comment_status":"open","ping_status":"closed","template":"","meta":[],"product_brand":[],"product_cat":[144],"product_tag":[136,123,106,135],"class_list":{"0":"post-813","1":"product","2":"type-product","3":"status-publish","4":"has-post-thumbnail","6":"product_cat-bikini","7":"product_tag-bikini","8":"product_tag-romantisch","9":"product_tag-unikat","10":"product_tag-vintage-look","12":"first","13":"instock","14":"sale","15":"taxable","16":"shipping-taxable","17":"purchasable","18":"product-type-simple"},"_links":{"self":[{"href":"https:\/\/stanijamaricic.com\/sr\/wp-json\/wp\/v2\/product\/813","targetHints":{"allow":["GET"]}}],"collection":[{"href":"https:\/\/stanijamaricic.com\/sr\/wp-json\/wp\/v2\/product"}],"about":[{"href":"https:\/\/stanijamaricic.com\/sr\/wp-json\/wp\/v2\/types\/product"}],"replies":[{"embeddable":true,"href":"https:\/\/stanijamaricic.com\/sr\/wp-json\/wp\/v2\/comments?post=813"}],"wp:featuredmedia":[{"embeddable":true,"href":"https:\/\/stanijamaricic.com\/sr\/wp-json\/wp\/v2\/media\/4722"}],"wp:attachment":[{"href":"https:\/\/stanijamaricic.com\/sr\/wp-json\/wp\/v2\/media?parent=813"}],"wp:term":[{"taxonomy":"product_brand","embeddable":true,"href":"https:\/\/stanijamaricic.com\/sr\/wp-json\/wp\/v2\/product_brand?post=813"},{"taxonomy":"product_cat","embeddable":true,"href":"https:\/\/stanijamaricic.com\/sr\/wp-json\/wp\/v2\/product_cat?post=813"},{"taxonomy":"product_tag","embeddable":true,"href":"https:\/\/stanijamaricic.com\/sr\/wp-json\/wp\/v2\/product_tag?post=813"}],"curies":[{"name":"wp","href":"https:\/\/api.w.org\/{rel}","templated":true}]}}