{"id":834,"date":"2022-02-17T21:30:58","date_gmt":"2022-02-17T21:30:58","guid":{"rendered":"https:\/\/stanijamaricic.com\/?post_type=product&#038;p=834"},"modified":"2023-04-16T19:03:10","modified_gmt":"2023-04-16T19:03:10","slug":"lorelei","status":"publish","type":"product","link":"https:\/\/stanijamaricic.com\/sr\/shop\/lorelei\/","title":{"rendered":"alexa"},"content":{"rendered":"<p>Savr\u0161en izgled za pla\u017eu, romanti\u010dan, neodoljivi ste uz ovaj zavodljivi bikini, boho look<\/p>","protected":false},"excerpt":{"rendered":"<p>Pamuk 40%, akril 60%, pranje u perilici, 20\u00b0C<\/p>","protected":false},"featured_media":4662,"comment_status":"open","ping_status":"closed","template":"","meta":[],"product_brand":[],"product_cat":[144],"product_tag":[136,104,123,106,135],"class_list":{"0":"post-834","1":"product","2":"type-product","3":"status-publish","4":"has-post-thumbnail","6":"product_cat-bikini","7":"product_tag-bikini","8":"product_tag-gehakelt","9":"product_tag-romantisch","10":"product_tag-unikat","11":"product_tag-vintage-look","13":"first","14":"instock","15":"sale","16":"taxable","17":"shipping-taxable","18":"purchasable","19":"product-type-simple"},"_links":{"self":[{"href":"https:\/\/stanijamaricic.com\/sr\/wp-json\/wp\/v2\/product\/834","targetHints":{"allow":["GET"]}}],"collection":[{"href":"https:\/\/stanijamaricic.com\/sr\/wp-json\/wp\/v2\/product"}],"about":[{"href":"https:\/\/stanijamaricic.com\/sr\/wp-json\/wp\/v2\/types\/product"}],"replies":[{"embeddable":true,"href":"https:\/\/stanijamaricic.com\/sr\/wp-json\/wp\/v2\/comments?post=834"}],"wp:featuredmedia":[{"embeddable":true,"href":"https:\/\/stanijamaricic.com\/sr\/wp-json\/wp\/v2\/media\/4662"}],"wp:attachment":[{"href":"https:\/\/stanijamaricic.com\/sr\/wp-json\/wp\/v2\/media?parent=834"}],"wp:term":[{"taxonomy":"product_brand","embeddable":true,"href":"https:\/\/stanijamaricic.com\/sr\/wp-json\/wp\/v2\/product_brand?post=834"},{"taxonomy":"product_cat","embeddable":true,"href":"https:\/\/stanijamaricic.com\/sr\/wp-json\/wp\/v2\/product_cat?post=834"},{"taxonomy":"product_tag","embeddable":true,"href":"https:\/\/stanijamaricic.com\/sr\/wp-json\/wp\/v2\/product_tag?post=834"}],"curies":[{"name":"wp","href":"https:\/\/api.w.org\/{rel}","templated":true}]}}