{"id":845,"date":"2022-02-17T21:30:59","date_gmt":"2022-02-17T21:30:59","guid":{"rendered":"https:\/\/stanijamaricic.com\/?post_type=product&#038;p=845"},"modified":"2023-04-16T18:37:25","modified_gmt":"2023-04-16T18:37:25","slug":"zhuri","status":"publish","type":"product","link":"https:\/\/stanijamaricic.com\/sr\/shop\/zhuri\/","title":{"rendered":"Rijeka"},"content":{"rendered":"<p>Unikat, geh\u00e4kelt, damit wirst du ihn sicher verf\u00fchren. Push-Up Oberteil setzt das Dekollet\u00e9 perfekt in Szene.<\/p>","protected":false},"excerpt":{"rendered":"<p>Pamuk 40%, akril 60%, pranje u perilici, 20\u00b0C<\/p>","protected":false},"featured_media":4629,"comment_status":"open","ping_status":"closed","template":"","meta":[],"product_brand":[],"product_cat":[152],"product_tag":[128,121,104,123,106],"class_list":{"0":"post-845","1":"product","2":"type-product","3":"status-publish","4":"has-post-thumbnail","6":"product_cat-badeanzug","7":"product_tag-badeanzug","8":"product_tag-boho-style","9":"product_tag-gehakelt","10":"product_tag-romantisch","11":"product_tag-unikat","13":"first","14":"instock","15":"sale","16":"taxable","17":"shipping-taxable","18":"purchasable","19":"product-type-simple"},"_links":{"self":[{"href":"https:\/\/stanijamaricic.com\/sr\/wp-json\/wp\/v2\/product\/845","targetHints":{"allow":["GET"]}}],"collection":[{"href":"https:\/\/stanijamaricic.com\/sr\/wp-json\/wp\/v2\/product"}],"about":[{"href":"https:\/\/stanijamaricic.com\/sr\/wp-json\/wp\/v2\/types\/product"}],"replies":[{"embeddable":true,"href":"https:\/\/stanijamaricic.com\/sr\/wp-json\/wp\/v2\/comments?post=845"}],"wp:featuredmedia":[{"embeddable":true,"href":"https:\/\/stanijamaricic.com\/sr\/wp-json\/wp\/v2\/media\/4629"}],"wp:attachment":[{"href":"https:\/\/stanijamaricic.com\/sr\/wp-json\/wp\/v2\/media?parent=845"}],"wp:term":[{"taxonomy":"product_brand","embeddable":true,"href":"https:\/\/stanijamaricic.com\/sr\/wp-json\/wp\/v2\/product_brand?post=845"},{"taxonomy":"product_cat","embeddable":true,"href":"https:\/\/stanijamaricic.com\/sr\/wp-json\/wp\/v2\/product_cat?post=845"},{"taxonomy":"product_tag","embeddable":true,"href":"https:\/\/stanijamaricic.com\/sr\/wp-json\/wp\/v2\/product_tag?post=845"}],"curies":[{"name":"wp","href":"https:\/\/api.w.org\/{rel}","templated":true}]}}